{"id":1119,"date":"2023-12-04T16:57:09","date_gmt":"2023-12-04T16:57:09","guid":{"rendered":"https:\/\/www.grupoinkperio.com\/?page_id=1119"},"modified":"2023-12-04T18:31:59","modified_gmt":"2023-12-04T18:31:59","slug":"aviso","status":"publish","type":"page","link":"https:\/\/www.grupoinkperio.com\/?page_id=1119","title":{"rendered":"Aviso de Privacidad"},"content":{"rendered":"\t\t<div data-elementor-type=\"wp-page\" data-elementor-id=\"1119\" class=\"elementor elementor-1119\">\n\t\t\t\t\t\t<section class=\"elementor-section elementor-top-section elementor-element elementor-element-1b0a5d33 elementor-section-boxed elementor-section-height-default elementor-section-height-default\" data-id=\"1b0a5d33\" data-element_type=\"section\" data-e-type=\"section\" data-settings=\"{&quot;background_background&quot;:&quot;classic&quot;}\">\n\t\t\t\t\t\t\t<div class=\"elementor-background-overlay\"><\/div>\n\t\t\t\t\t\t\t<div class=\"elementor-container elementor-column-gap-default\">\n\t\t\t\t\t<div class=\"elementor-column elementor-col-100 elementor-top-column elementor-element elementor-element-1f841ba\" data-id=\"1f841ba\" data-element_type=\"column\" data-e-type=\"column\">\n\t\t\t<div class=\"elementor-widget-wrap elementor-element-populated\">\n\t\t\t\t\t\t<div class=\"elementor-element elementor-element-365ba0bd elementor-widget elementor-widget-heading\" data-id=\"365ba0bd\" data-element_type=\"widget\" data-e-type=\"widget\" data-widget_type=\"heading.default\">\n\t\t\t\t<div class=\"elementor-widget-container\">\n\t\t\t\t\t<h1 class=\"elementor-heading-title elementor-size-default\">Aviso de Privacidad<\/h1>\t\t\t\t<\/div>\n\t\t\t\t<\/div>\n\t\t\t\t\t<\/div>\n\t\t<\/div>\n\t\t\t\t\t<\/div>\n\t\t<\/section>\n\t\t\t\t<section class=\"elementor-section elementor-top-section elementor-element elementor-element-4d2c9e9 elementor-reverse-mobile elementor-section-boxed elementor-section-height-default elementor-section-height-default\" data-id=\"4d2c9e9\" data-element_type=\"section\" data-e-type=\"section\">\n\t\t\t\t\t\t<div class=\"elementor-container elementor-column-gap-no\">\n\t\t\t\t\t<div class=\"elementor-column elementor-col-100 elementor-top-column elementor-element elementor-element-1148300\" data-id=\"1148300\" data-element_type=\"column\" data-e-type=\"column\">\n\t\t\t<div class=\"elementor-widget-wrap elementor-element-populated\">\n\t\t\t\t\t\t<div class=\"elementor-element elementor-element-8735c02 elementor-widget elementor-widget-text-editor\" data-id=\"8735c02\" data-element_type=\"widget\" data-e-type=\"widget\" data-widget_type=\"text-editor.default\">\n\t\t\t\t<div class=\"elementor-widget-container\">\n\t\t\t\t\t\t\t\t\t<p>En Grupo Inkperio, valoramos su privacidad y nos comprometemos a proteger la confidencialidad de sus datos personales. Este aviso de privacidad detalla c\u00f3mo recopilamos, utilizamos y resguardamos la informaci\u00f3n personal que usted comparte con nosotros. Le instamos a revisar cuidadosamente esta informaci\u00f3n antes de proporcionar cualquier dato personal. Al utilizar nuestros servicios, usted acepta las pr\u00e1cticas descritas en este aviso.<\/p><p><strong>1. DATOS PERSONALES Y PROCEDENCIA:<\/strong><\/p><p>Recabamos sus datos personales de las siguientes formas:<\/p><p><strong>1.1 Datos personales directos:<\/strong><\/p><ul><li>Denominaci\u00f3n social de su empresa o la empresa para la que colabora.<\/li><li>Domicilio de la empresa.<\/li><li>Tel\u00e9fono.<\/li><li>Nombre del contacto y puesto o cargo.<\/li><li>Datos relativos a nuestra relaci\u00f3n comercial derivada de los servicios que proporcionamos.<\/li><\/ul><p><strong>1.2 Datos personales a trav\u00e9s de nuestro sitio web o servicios en l\u00ednea:<\/strong><\/p><ul><li>Denominaci\u00f3n social de su empresa o la empresa para la que colabora.<\/li><li>Domicilio de la empresa.<\/li><li>Tel\u00e9fono.<\/li><li>Nombre del contacto y puesto o cargo.<\/li><li>Datos relativos a nuestra relaci\u00f3n comercial derivada de los servicios que proporcionamos.<\/li><li>Datos relativos a la operaci\u00f3n de comunicaciones entre dispositivos.<\/li><\/ul><p><strong>1.3 Datos personales de otras fuentes:<\/strong><\/p><ul><li>Denominaci\u00f3n social de su empresa o la empresa para la que colabora.<\/li><li>Domicilio de la empresa.<\/li><li>Tel\u00e9fono.<\/li><li>Nombre del contacto y puesto o cargo.<\/li><li>Datos relativos a nuestra relaci\u00f3n comercial derivada de los servicios que proporcionamos.<\/li><\/ul><p><strong>2. USO DE FOTOGRAF\u00cdAS:<\/strong><\/p><p>En el contexto de nuestros servicios de impresi\u00f3n, dise\u00f1o y fotograf\u00eda, podr\u00edamos tomar y utilizar fotograf\u00edas para los productos contratados. Es importante se\u00f1alar que el uso de estas fotograf\u00edas est\u00e1 estrictamente limitado a los fines acordados en el contrato de servicios. No utilizaremos las im\u00e1genes con fines publicitarios, de promoci\u00f3n o en cualquier otro contexto no autorizado por usted.<\/p><p><strong>3. DATOS PERSONALES SENSIBLES:<\/strong><\/p><p>En ning\u00fan momento solicitamos datos personales sensibles. En caso de que se requieran en situaciones espec\u00edficas, nos comprometemos a tratarlos con las medidas de seguridad necesarias para garantizar su confidencialidad, de acuerdo con lo establecido en la Ley Federal de Protecci\u00f3n de Datos Personales en Posesi\u00f3n de los Particulares.<\/p><p><strong>4. CONSENTIMIENTO EXPRESO:<\/strong><\/p><p>Para el tratamiento de datos personales sensibles, requerimos su consentimiento expreso. Usted puede ejercer sus derechos de Acceso, Rectificaci\u00f3n, Cancelaci\u00f3n y Oposici\u00f3n enviando un correo electr\u00f3nico a: <a href=\"mailto:privacidad@grupoinkperio.com\" target=\"_new\">privacidad@grupoinkperio.com<\/a><\/p><p><strong>5. LIMITACI\u00d3N DEL USO O DIVULGACI\u00d3N DE DATOS:<\/strong><\/p><p>Usted puede dejar de recibir mensajes promocionales por tel\u00e9fono fijo o celular notific\u00e1ndolo por correo electr\u00f3nico a: <a href=\"mailto:privacidad@grupoinkperio.com\" target=\"_new\">privacidad@grupoinkperio.com<\/a><\/p><p><strong>6. ACCESO, RECTIFICACI\u00d3N, CANCELACI\u00d3N Y OPOSICI\u00d3N:<\/strong><\/p><p>Usted tiene derecho a acceder, rectificar, cancelar u oponerse al tratamiento de sus datos personales. Env\u00ede su solicitud a: <a href=\"mailto:privacidad@grupoinkperio.com\" target=\"_new\">privacidad@grupoinkperio.com<\/a><\/p><p><strong>7. REVOCACI\u00d3N DEL CONSENTIMIENTO:<\/strong><\/p><p>En cualquier momento, puede revocar el consentimiento otorgado para el tratamiento de sus datos personales. Env\u00ede su petici\u00f3n a: <a href=\"mailto:privacidad@grupoinkperio.com\" target=\"_new\">privacidad@grupoinkperio.com<\/a><\/p><p><strong>8. TRANSFERENCIA DE DATOS:<\/strong><\/p><p>Sus datos pueden ser transferidos y tratados dentro y fuera del pa\u00eds por empresas que nos apoyan en la prestaci\u00f3n de servicios. Nos comprometemos a no transferir su informaci\u00f3n sin su consentimiento, salvo excepciones previstas en la Ley.<\/p><p><strong>9. MODIFICACIONES AL AVISO DE PRIVACIDAD:<\/strong><\/p><p>Nos reservamos el derecho de realizar modificaciones a este aviso para adaptarnos a novedades legislativas, pol\u00edticas internas o nuevos requerimientos. Las modificaciones ser\u00e1n publicadas en nuestro sitio web.<\/p><p><strong>10. QUEJAS Y DENUNCIAS:<\/strong><\/p><p>Si considera que sus datos han sido tratados de manera indebida, puede presentar quejas o denuncias ante el Instituto Federal de Acceso a la Informaci\u00f3n y Protecci\u00f3n de Datos (IFAI) en <a href=\"http:\/\/www.ifai.org.mx\" target=\"_new\">www.ifai.org.mx<\/a>.<\/p><p>Fecha de \u00faltima actualizaci\u00f3n: 4 de diciembre de 2023<br><\/p><p>Para cualquier pregunta o aclaraci\u00f3n adicional, cont\u00e1ctenos a: <a href=\"mailto:privacidad@grupoinkperio.com\" target=\"_new\">privacidad@grupoinkperio.com<\/a><\/p>\t\t\t\t\t\t\t\t<\/div>\n\t\t\t\t<\/div>\n\t\t\t\t\t<\/div>\n\t\t<\/div>\n\t\t\t\t\t<\/div>\n\t\t<\/section>\n\t\t\t\t<section class=\"elementor-section elementor-top-section elementor-element elementor-element-10cbeb29 elementor-section-boxed elementor-section-height-default elementor-section-height-default\" data-id=\"10cbeb29\" data-element_type=\"section\" data-e-type=\"section\">\n\t\t\t\t\t\t<div class=\"elementor-container elementor-column-gap-default\">\n\t\t\t\t\t<div class=\"elementor-column elementor-col-50 elementor-top-column elementor-element elementor-element-3ba53214\" data-id=\"3ba53214\" data-element_type=\"column\" data-e-type=\"column\">\n\t\t\t<div class=\"elementor-widget-wrap elementor-element-populated\">\n\t\t\t\t\t\t<div class=\"elementor-element elementor-element-3bac08a2 elementor-widget elementor-widget-text-editor\" data-id=\"3bac08a2\" data-element_type=\"widget\" data-e-type=\"widget\" data-widget_type=\"text-editor.default\">\n\t\t\t\t<div class=\"elementor-widget-container\">\n\t\t\t\t\t\t\t\t\t<p>Copyright \u00a9 2022 Inkperio<\/p>\t\t\t\t\t\t\t\t<\/div>\n\t\t\t\t<\/div>\n\t\t\t\t\t<\/div>\n\t\t<\/div>\n\t\t\t\t<div class=\"elementor-column elementor-col-50 elementor-top-column elementor-element elementor-element-45c6ec75\" data-id=\"45c6ec75\" data-element_type=\"column\" data-e-type=\"column\">\n\t\t\t<div class=\"elementor-widget-wrap elementor-element-populated\">\n\t\t\t\t\t\t<div class=\"elementor-element elementor-element-6eb432f elementor-shape-circle e-grid-align-right elementor-grid-0 elementor-widget elementor-widget-social-icons\" data-id=\"6eb432f\" data-element_type=\"widget\" data-e-type=\"widget\" data-widget_type=\"social-icons.default\">\n\t\t\t\t<div class=\"elementor-widget-container\">\n\t\t\t\t\t\t\t<div class=\"elementor-social-icons-wrapper elementor-grid\" role=\"list\">\n\t\t\t\t\t\t\t<span class=\"elementor-grid-item\" role=\"listitem\">\n\t\t\t\t\t<a class=\"elementor-icon elementor-social-icon elementor-social-icon-facebook elementor-repeater-item-979a642\" target=\"_blank\">\n\t\t\t\t\t\t<span class=\"elementor-screen-only\">Facebook<\/span>\n\t\t\t\t\t\t<i aria-hidden=\"true\" class=\"fab fa-facebook\"><\/i>\t\t\t\t\t<\/a>\n\t\t\t\t<\/span>\n\t\t\t\t\t\t\t<span class=\"elementor-grid-item\" role=\"listitem\">\n\t\t\t\t\t<a class=\"elementor-icon elementor-social-icon elementor-social-icon-instagram elementor-repeater-item-4a73bdd\" target=\"_blank\">\n\t\t\t\t\t\t<span class=\"elementor-screen-only\">Instagram<\/span>\n\t\t\t\t\t\t<i aria-hidden=\"true\" class=\"fab fa-instagram\"><\/i>\t\t\t\t\t<\/a>\n\t\t\t\t<\/span>\n\t\t\t\t\t\t\t<span class=\"elementor-grid-item\" role=\"listitem\">\n\t\t\t\t\t<a class=\"elementor-icon elementor-social-icon elementor-social-icon-whatsapp elementor-repeater-item-08a5302\" target=\"_blank\">\n\t\t\t\t\t\t<span class=\"elementor-screen-only\">Whatsapp<\/span>\n\t\t\t\t\t\t<i aria-hidden=\"true\" class=\"fab fa-whatsapp\"><\/i>\t\t\t\t\t<\/a>\n\t\t\t\t<\/span>\n\t\t\t\t\t<\/div>\n\t\t\t\t\t\t<\/div>\n\t\t\t\t<\/div>\n\t\t\t\t\t<\/div>\n\t\t<\/div>\n\t\t\t\t\t<\/div>\n\t\t<\/section>\n\t\t\t\t<\/div>\n\t\t","protected":false},"excerpt":{"rendered":"<p>Aviso de Privacidad En Grupo Inkperio, valoramos su privacidad y nos comprometemos a proteger la confidencialidad de sus datos personales. Este aviso de privacidad detalla c\u00f3mo recopilamos, utilizamos y resguardamos la informaci\u00f3n personal que usted comparte con nosotros. Le instamos a revisar cuidadosamente esta informaci\u00f3n antes de proporcionar cualquier dato personal. Al utilizar nuestros servicios, [&hellip;]<\/p>\n","protected":false},"author":1,"featured_media":0,"parent":213,"menu_order":0,"comment_status":"closed","ping_status":"closed","template":"","meta":{"site-sidebar-layout":"no-sidebar","site-content-layout":"page-builder","ast-site-content-layout":"default","site-content-style":"default","site-sidebar-style":"default","ast-global-header-display":"","ast-banner-title-visibility":"","ast-main-header-display":"","ast-hfb-above-header-display":"","ast-hfb-below-header-display":"","ast-hfb-mobile-header-display":"","site-post-title":"disabled","ast-breadcrumbs-content":"","ast-featured-img":"","footer-sml-layout":"","ast-disable-related-posts":"","theme-transparent-header-meta":"enabled","adv-header-id-meta":"","stick-header-meta":"","header-above-stick-meta":"","header-main-stick-meta":"","header-below-stick-meta":"","astra-migrate-meta-layouts":"default","ast-page-background-enabled":"default","ast-page-background-meta":{"desktop":{"background-color":"","background-image":"","background-repeat":"repeat","background-position":"center center","background-size":"auto","background-attachment":"scroll","background-type":"","background-media":"","overlay-type":"","overlay-color":"","overlay-opacity":"","overlay-gradient":""},"tablet":{"background-color":"","background-image":"","background-repeat":"repeat","background-position":"center center","background-size":"auto","background-attachment":"scroll","background-type":"","background-media":"","overlay-type":"","overlay-color":"","overlay-opacity":"","overlay-gradient":""},"mobile":{"background-color":"","background-image":"","background-repeat":"repeat","background-position":"center center","background-size":"auto","background-attachment":"scroll","background-type":"","background-media":"","overlay-type":"","overlay-color":"","overlay-opacity":"","overlay-gradient":""}},"ast-content-background-meta":{"desktop":{"background-color":"var(--ast-global-color-5)","background-image":"","background-repeat":"repeat","background-position":"center center","background-size":"auto","background-attachment":"scroll","background-type":"","background-media":"","overlay-type":"","overlay-color":"","overlay-opacity":"","overlay-gradient":""},"tablet":{"background-color":"var(--ast-global-color-5)","background-image":"","background-repeat":"repeat","background-position":"center center","background-size":"auto","background-attachment":"scroll","background-type":"","background-media":"","overlay-type":"","overlay-color":"","overlay-opacity":"","overlay-gradient":""},"mobile":{"background-color":"var(--ast-global-color-5)","background-image":"","background-repeat":"repeat","background-position":"center center","background-size":"auto","background-attachment":"scroll","background-type":"","background-media":"","overlay-type":"","overlay-color":"","overlay-opacity":"","overlay-gradient":""}},"footnotes":""},"class_list":["post-1119","page","type-page","status-publish","hentry"],"_links":{"self":[{"href":"https:\/\/www.grupoinkperio.com\/index.php?rest_route=\/wp\/v2\/pages\/1119","targetHints":{"allow":["GET"]}}],"collection":[{"href":"https:\/\/www.grupoinkperio.com\/index.php?rest_route=\/wp\/v2\/pages"}],"about":[{"href":"https:\/\/www.grupoinkperio.com\/index.php?rest_route=\/wp\/v2\/types\/page"}],"author":[{"embeddable":true,"href":"https:\/\/www.grupoinkperio.com\/index.php?rest_route=\/wp\/v2\/users\/1"}],"replies":[{"embeddable":true,"href":"https:\/\/www.grupoinkperio.com\/index.php?rest_route=%2Fwp%2Fv2%2Fcomments&post=1119"}],"version-history":[{"count":13,"href":"https:\/\/www.grupoinkperio.com\/index.php?rest_route=\/wp\/v2\/pages\/1119\/revisions"}],"predecessor-version":[{"id":1144,"href":"https:\/\/www.grupoinkperio.com\/index.php?rest_route=\/wp\/v2\/pages\/1119\/revisions\/1144"}],"up":[{"embeddable":true,"href":"https:\/\/www.grupoinkperio.com\/index.php?rest_route=\/wp\/v2\/pages\/213"}],"wp:attachment":[{"href":"https:\/\/www.grupoinkperio.com\/index.php?rest_route=%2Fwp%2Fv2%2Fmedia&parent=1119"}],"curies":[{"name":"wp","href":"https:\/\/api.w.org\/{rel}","templated":true}]}}